{"id":2,"date":"2016-05-10T03:48:21","date_gmt":"2016-05-10T03:48:21","guid":{"rendered":"https:\/\/www.burgludwig.de\/?page_id=2"},"modified":"2023-02-20T06:44:02","modified_gmt":"2023-02-20T06:44:02","slug":"sample-page","status":"publish","type":"page","link":"https:\/\/www.burgludwig.de\/","title":{"rendered":"Moinsen !"},"content":{"rendered":"\n<p>Hier gibt es immer wieder wechselnde Bilder und Filmchen von meinen T\u00f6rns mit dem Boot im Hamburger Hafen zu sehen.<br><br>Unsere &#8222;L\u00fctte&#8220; f\u00fcr diese Ausfahrten ist eine Quicksilver Activ 595 Cruiser mit 150 PS Mercury Au\u00dfenborder. Dieses Boot bietet genug Reserven um auch mal mit mehreren Personen sicher und souver\u00e4n unterwegs zu sein.<br><br><\/p>\n\n\n\n<div class=\"wp-block-nk-awb nk-awb alignfull nk-awb-Z2bPYIG\" data-ghostkit-styles=\".nk-awb-Z2bPYIG { margin-left: -px; margin-right: -px; }\"><div class=\"nk-awb-wrap\" data-awb-type=\"image\" data-awb-parallax=\"scroll\" data-awb-parallax-speed=\"0.5\" data-awb-parallax-mobile=\"true\" data-awb-image-background-size=\"cover\" data-awb-image-background-position=\"50% 50%\"><div class=\"nk-awb-inner\"><img loading=\"lazy\" decoding=\"async\" src=\"https:\/\/www.burgludwig.de\/wp-content\/uploads\/20200717_164821-scaled.jpg\" class=\"wp-image-494 jarallax-img is-layout-constrained wp-block-nk-awb-is-layout-constrained\" width=\"2560\" height=\"1440\" srcset=\"https:\/\/www.burgludwig.de\/wp-content\/uploads\/20200717_164821-scaled.jpg 2560w, https:\/\/www.burgludwig.de\/wp-content\/uploads\/20200717_164821-300x169.jpg 300w, https:\/\/www.burgludwig.de\/wp-content\/uploads\/20200717_164821-1024x576.jpg 1024w, https:\/\/www.burgludwig.de\/wp-content\/uploads\/20200717_164821-768x432.jpg 768w, https:\/\/www.burgludwig.de\/wp-content\/uploads\/20200717_164821-1536x864.jpg 1536w, https:\/\/www.burgludwig.de\/wp-content\/uploads\/20200717_164821-2048x1152.jpg 2048w, https:\/\/www.burgludwig.de\/wp-content\/uploads\/20200717_164821-500x281.jpg 500w, https:\/\/www.burgludwig.de\/wp-content\/uploads\/20200717_164821-800x450.jpg 800w, https:\/\/www.burgludwig.de\/wp-content\/uploads\/20200717_164821-1280x720.jpg 1280w, https:\/\/www.burgludwig.de\/wp-content\/uploads\/20200717_164821-1920x1080.jpg 1920w\" sizes=\"auto, (max-width: 706px) 89vw, (max-width: 767px) 82vw, 740px\" \/><\/div><\/div>\n<p> <br><br><br><br><br><br><br><br><br><br><br><br><br><br><br><br><br><br><br><br><\/p>\n<\/div>\n\n\n\n<p><br><br>Unser Liegeplatz an der Bille in Hamburg bietet einerseits einen sehr guten Hochwasserschutz und andererseits den kurzen Weg \u00fcber die Schleuse Tiefstack und die Billwerder Bucht direkt auf die Elbe und in den Hamburger Hafen.<br><br><\/p>\n\n\n\n<div class=\"wp-block-nk-awb nk-awb alignfull nk-awb-2mhrXe\" data-ghostkit-styles=\".nk-awb-2mhrXe { margin-left: -px; margin-right: -px; }\"><div class=\"nk-awb-wrap\" data-awb-type=\"image\" data-awb-parallax=\"scroll\" data-awb-parallax-speed=\"0.5\" data-awb-parallax-mobile=\"true\" data-awb-image-background-size=\"cover\" data-awb-image-background-position=\"42% 50%\"><div class=\"nk-awb-inner\"><img loading=\"lazy\" decoding=\"async\" src=\"https:\/\/www.burgludwig.de\/wp-content\/uploads\/20200713_183839-scaled.jpg\" class=\"wp-image-493 jarallax-img is-layout-constrained wp-block-nk-awb-is-layout-constrained\" width=\"2560\" height=\"1440\" srcset=\"https:\/\/www.burgludwig.de\/wp-content\/uploads\/20200713_183839-scaled.jpg 2560w, https:\/\/www.burgludwig.de\/wp-content\/uploads\/20200713_183839-300x169.jpg 300w, https:\/\/www.burgludwig.de\/wp-content\/uploads\/20200713_183839-1024x576.jpg 1024w, https:\/\/www.burgludwig.de\/wp-content\/uploads\/20200713_183839-768x432.jpg 768w, https:\/\/www.burgludwig.de\/wp-content\/uploads\/20200713_183839-1536x864.jpg 1536w, https:\/\/www.burgludwig.de\/wp-content\/uploads\/20200713_183839-2048x1152.jpg 2048w, https:\/\/www.burgludwig.de\/wp-content\/uploads\/20200713_183839-500x281.jpg 500w, https:\/\/www.burgludwig.de\/wp-content\/uploads\/20200713_183839-800x450.jpg 800w, https:\/\/www.burgludwig.de\/wp-content\/uploads\/20200713_183839-1280x720.jpg 1280w, https:\/\/www.burgludwig.de\/wp-content\/uploads\/20200713_183839-1920x1080.jpg 1920w\" sizes=\"auto, (max-width: 706px) 89vw, (max-width: 767px) 82vw, 740px\" \/><\/div><\/div>\n<p> <br><br><br><br><br><br><br><br><br><br><br><br><br><br><br><br><br><br><br><br><\/p>\n<\/div>\n\n\n\n<p><br><br>Die Bille dient haupts\u00e4chlich zur Entw\u00e4sserung der \u00f6stlichen Stadtteile Hamburgs und wird durch die Schleusen Tiefstack und Brandshof sowie der dauerhaft geschlossenen Schleuse Hammerbrook von der Elbe getrennt. Unser Tor zur Elbe ist die Schleuse Tiefstack.<br><br><\/p>\n\n\n\n<div class=\"wp-block-nk-awb nk-awb alignfull nk-awb-Z1Uu5er\" data-ghostkit-styles=\".nk-awb-Z1Uu5er { margin-left: -px; margin-right: -px; }\"><div class=\"nk-awb-wrap\" data-awb-type=\"image\" data-awb-parallax=\"scroll\" data-awb-parallax-speed=\"0.5\" data-awb-parallax-mobile=\"true\" data-awb-image-background-size=\"cover\" data-awb-image-background-position=\"45% 50%\"><div class=\"nk-awb-inner\"><img loading=\"lazy\" decoding=\"async\" src=\"https:\/\/www.burgludwig.de\/wp-content\/uploads\/20200812_082819-scaled.jpg\" class=\"wp-image-721 jarallax-img is-layout-constrained wp-block-nk-awb-is-layout-constrained\" width=\"2560\" height=\"1440\" srcset=\"https:\/\/www.burgludwig.de\/wp-content\/uploads\/20200812_082819-scaled.jpg 2560w, https:\/\/www.burgludwig.de\/wp-content\/uploads\/20200812_082819-300x169.jpg 300w, https:\/\/www.burgludwig.de\/wp-content\/uploads\/20200812_082819-1024x576.jpg 1024w, https:\/\/www.burgludwig.de\/wp-content\/uploads\/20200812_082819-768x432.jpg 768w, https:\/\/www.burgludwig.de\/wp-content\/uploads\/20200812_082819-1536x864.jpg 1536w, https:\/\/www.burgludwig.de\/wp-content\/uploads\/20200812_082819-2048x1152.jpg 2048w, https:\/\/www.burgludwig.de\/wp-content\/uploads\/20200812_082819-500x281.jpg 500w, https:\/\/www.burgludwig.de\/wp-content\/uploads\/20200812_082819-800x450.jpg 800w, https:\/\/www.burgludwig.de\/wp-content\/uploads\/20200812_082819-1280x720.jpg 1280w, https:\/\/www.burgludwig.de\/wp-content\/uploads\/20200812_082819-1920x1080.jpg 1920w\" sizes=\"auto, (max-width: 706px) 89vw, (max-width: 767px) 82vw, 740px\" \/><\/div><\/div>\n<p> <br><br><br><br><br><br><br><br><br><br><br><br><br><br><br><br><br><br><br><br><\/p>\n<\/div>\n\n\n\n<p><br><br>Der gesamte Hamburger Hafen kann bis auf ganz wenige Bereiche mit dem Sportboot befahren werden. Ob in der historischen Speicherstadt, vor den Landungsbr\u00fccken oder im Tiefwasserhafen bei den &#8222;dicken P\u00f6tten&#8220; &#8211; im Hamburger Hafen gibt es eigentlich immer etwas Neues zu sehen.<br><br><\/p>\n\n\n\n<div class=\"wp-block-nk-awb nk-awb alignfull nk-awb-1ilDHr\" data-ghostkit-styles=\".nk-awb-1ilDHr { margin-left: -px; margin-right: -px; }\"><div class=\"nk-awb-wrap\" data-awb-type=\"image\" data-awb-parallax=\"scroll\" data-awb-parallax-speed=\"0.5\" data-awb-parallax-mobile=\"true\" data-awb-image-background-size=\"cover\" data-awb-image-background-position=\"50% 50%\"><div class=\"nk-awb-inner\"><img loading=\"lazy\" decoding=\"async\" src=\"https:\/\/www.burgludwig.de\/wp-content\/uploads\/20180826_174936-scaled.jpg\" class=\"wp-image-492 jarallax-img is-layout-constrained wp-block-nk-awb-is-layout-constrained\" width=\"2560\" height=\"1440\" srcset=\"https:\/\/www.burgludwig.de\/wp-content\/uploads\/20180826_174936-scaled.jpg 2560w, https:\/\/www.burgludwig.de\/wp-content\/uploads\/20180826_174936-300x169.jpg 300w, https:\/\/www.burgludwig.de\/wp-content\/uploads\/20180826_174936-1024x576.jpg 1024w, https:\/\/www.burgludwig.de\/wp-content\/uploads\/20180826_174936-768x432.jpg 768w, https:\/\/www.burgludwig.de\/wp-content\/uploads\/20180826_174936-1536x864.jpg 1536w, https:\/\/www.burgludwig.de\/wp-content\/uploads\/20180826_174936-2048x1152.jpg 2048w, https:\/\/www.burgludwig.de\/wp-content\/uploads\/20180826_174936-500x281.jpg 500w, https:\/\/www.burgludwig.de\/wp-content\/uploads\/20180826_174936-800x450.jpg 800w, https:\/\/www.burgludwig.de\/wp-content\/uploads\/20180826_174936-1280x720.jpg 1280w, https:\/\/www.burgludwig.de\/wp-content\/uploads\/20180826_174936-1920x1080.jpg 1920w\" sizes=\"auto, (max-width: 706px) 89vw, (max-width: 767px) 82vw, 740px\" \/><\/div><\/div>\n<p> <br><br><br><br><br><br><br><br><br><br><br><br><br><br><br><br><br><br><br><br><\/p>\n<\/div>\n\n\n\n<p><br><br>Hier eine kleine Auswahl der besten Bilder und Videos &#8230;.<br><\/p>\n\n\n<div class=\"rl-gallery-container rl-loading\" id=\"rl-gallery-container-1\" data-gallery_id=\"297\"> <div class=\"rl-gallery rl-basicmasonry-gallery \" id=\"rl-gallery-1\" data-gallery_no=\"1\"> <div class=\"rl-gutter-sizer\"><\/div><div class=\"rl-grid-sizer\"><\/div> <div class=\"rl-gallery-item rl-gallery-item-width-4\" > <div class=\"rl-gallery-item-content\"> <a href=\"https:\/\/www.burgludwig.de\/wp-content\/uploads\/20180806_151700-scaled.jpg\" title=\"\" data-rl_title=\"\" class=\"rl-gallery-link\" data-rl_caption=\"\" data-rel=\"lightbox-gallery-1\"><img loading=\"lazy\" decoding=\"async\" src=\"https:\/\/www.burgludwig.de\/wp-content\/uploads\/20180806_151700-300x169.jpg\" width=\"300\" height=\"169\" alt=\"\" \/><\/a> <\/div> <\/div> <div class=\"rl-gallery-item\" > <div class=\"rl-gallery-item-content\"> <a href=\"https:\/\/www.burgludwig.de\/wp-content\/uploads\/20180802_124225-scaled.jpg\" title=\"\" data-rl_title=\"\" class=\"rl-gallery-link\" data-rl_caption=\"\" data-rel=\"lightbox-gallery-1\"><img loading=\"lazy\" decoding=\"async\" src=\"https:\/\/www.burgludwig.de\/wp-content\/uploads\/20180802_124225-300x169.jpg\" width=\"300\" height=\"169\" alt=\"\" \/><\/a> <\/div> <\/div> <div class=\"rl-gallery-item\" > <div class=\"rl-gallery-item-content\"> <a href=\"https:\/\/www.burgludwig.de\/wp-content\/uploads\/20180801_115115-scaled.jpg\" title=\"\" data-rl_title=\"\" class=\"rl-gallery-link\" data-rl_caption=\"\" data-rel=\"lightbox-gallery-1\"><img loading=\"lazy\" decoding=\"async\" src=\"https:\/\/www.burgludwig.de\/wp-content\/uploads\/20180801_115115-300x169.jpg\" width=\"300\" height=\"169\" alt=\"\" \/><\/a> <\/div> <\/div> <div class=\"rl-gallery-item\" > <div class=\"rl-gallery-item-content\"> <a href=\"https:\/\/www.burgludwig.de\/wp-content\/uploads\/20180628_185016-scaled.jpg\" title=\"\" data-rl_title=\"\" class=\"rl-gallery-link\" data-rl_caption=\"\" data-rel=\"lightbox-gallery-1\"><img loading=\"lazy\" decoding=\"async\" src=\"https:\/\/www.burgludwig.de\/wp-content\/uploads\/20180628_185016-300x169.jpg\" width=\"300\" height=\"169\" alt=\"\" \/><\/a> <\/div> <\/div> <div class=\"rl-gallery-item\" > <div class=\"rl-gallery-item-content\"> <a href=\"https:\/\/www.burgludwig.de\/wp-content\/uploads\/20180512_154529-scaled.jpg\" title=\"\" data-rl_title=\"\" class=\"rl-gallery-link\" data-rl_caption=\"\" data-rel=\"lightbox-gallery-1\"><img loading=\"lazy\" decoding=\"async\" src=\"https:\/\/www.burgludwig.de\/wp-content\/uploads\/20180512_154529-300x169.jpg\" width=\"300\" height=\"169\" alt=\"\" \/><\/a> <\/div> <\/div> <div class=\"rl-gallery-item\" > <div class=\"rl-gallery-item-content\"> <a href=\"https:\/\/www.burgludwig.de\/wp-content\/uploads\/20180512_153711-scaled.jpg\" title=\"\" data-rl_title=\"\" class=\"rl-gallery-link\" data-rl_caption=\"\" data-rel=\"lightbox-gallery-1\"><img loading=\"lazy\" decoding=\"async\" src=\"https:\/\/www.burgludwig.de\/wp-content\/uploads\/20180512_153711-300x169.jpg\" width=\"300\" height=\"169\" alt=\"\" \/><\/a> <\/div> <\/div> <div class=\"rl-gallery-item\" > <div class=\"rl-gallery-item-content\"> <a href=\"https:\/\/www.burgludwig.de\/wp-content\/uploads\/20180505_180149-scaled.jpg\" title=\"\" data-rl_title=\"\" class=\"rl-gallery-link\" data-rl_caption=\"\" data-rel=\"lightbox-gallery-1\"><img loading=\"lazy\" decoding=\"async\" src=\"https:\/\/www.burgludwig.de\/wp-content\/uploads\/20180505_180149-300x169.jpg\" width=\"300\" height=\"169\" alt=\"\" \/><\/a> <\/div> <\/div> <div class=\"rl-gallery-item\" > <div class=\"rl-gallery-item-content\"> <a href=\"https:\/\/www.burgludwig.de\/wp-content\/uploads\/20170814_135809-scaled.jpg\" title=\"\" data-rl_title=\"\" class=\"rl-gallery-link\" data-rl_caption=\"\" data-rel=\"lightbox-gallery-1\"><img loading=\"lazy\" decoding=\"async\" src=\"https:\/\/www.burgludwig.de\/wp-content\/uploads\/20170814_135809-300x169.jpg\" width=\"300\" height=\"169\" alt=\"\" \/><\/a> <\/div> <\/div> <div class=\"rl-gallery-item\" > <div class=\"rl-gallery-item-content\"> <a href=\"https:\/\/www.burgludwig.de\/wp-content\/uploads\/20160726_162238-scaled.jpg\" title=\"\" data-rl_title=\"\" class=\"rl-gallery-link\" data-rl_caption=\"\" data-rel=\"lightbox-gallery-1\"><img loading=\"lazy\" decoding=\"async\" src=\"https:\/\/www.burgludwig.de\/wp-content\/uploads\/20160726_162238-300x169.jpg\" width=\"300\" height=\"169\" alt=\"\" \/><\/a> <\/div> <\/div> <\/div> <\/div>\n\n\n\n<figure class=\"wp-block-video\"><video height=\"720\" style=\"aspect-ratio: 1280 \/ 720;\" width=\"1280\" controls poster=\"https:\/\/www.burgludwig.de\/wp-content\/uploads\/2020-08-01 21_19_54_Video_Vorschaubild.jpg\" preload=\"none\" src=\"https:\/\/www.burgludwig.de\/wp-content\/uploads\/Drohne.mp4\"><\/video><\/figure>\n\n\n\n<figure class=\"wp-block-video\"><video height=\"720\" style=\"aspect-ratio: 1280 \/ 720;\" width=\"1280\" controls poster=\"https:\/\/www.burgludwig.de\/wp-content\/uploads\/2020-08-01 21_21_50_Video_Vorschaubild.jpg\" preload=\"none\" src=\"https:\/\/www.burgludwig.de\/wp-content\/uploads\/Elbrennen.mp4\"><\/video><\/figure>\n\n\n\n<figure class=\"wp-block-video\"><video height=\"720\" style=\"aspect-ratio: 1280 \/ 720;\" width=\"1280\" controls poster=\"https:\/\/www.burgludwig.de\/wp-content\/uploads\/2020-08-01 21_22_31_Video_Vorschaubild.jpg\" preload=\"none\" src=\"https:\/\/www.burgludwig.de\/wp-content\/uploads\/Mein Film.mp4\"><\/video><\/figure>\n\n\n\n<p><br>Und abends zur\u00fcck auf die Bille &#8230;<br><br><\/p>\n\n\n\n<div class=\"wp-block-nk-awb nk-awb alignfull nk-awb-ytLd8\" data-ghostkit-styles=\".nk-awb-ytLd8 { margin-left: -px; margin-right: -px; }\"><div class=\"nk-awb-wrap\" data-awb-type=\"image\" data-awb-parallax=\"scroll\" data-awb-parallax-speed=\"0.5\" data-awb-parallax-mobile=\"true\" data-awb-image-background-size=\"cover\" data-awb-image-background-position=\"50% 50%\"><div class=\"nk-awb-inner\"><img loading=\"lazy\" decoding=\"async\" src=\"https:\/\/www.burgludwig.de\/wp-content\/uploads\/20180407_200100-scaled.jpg\" class=\"wp-image-484 jarallax-img is-layout-constrained wp-block-nk-awb-is-layout-constrained\" width=\"2560\" height=\"1440\" srcset=\"https:\/\/www.burgludwig.de\/wp-content\/uploads\/20180407_200100-scaled.jpg 2560w, https:\/\/www.burgludwig.de\/wp-content\/uploads\/20180407_200100-300x169.jpg 300w, https:\/\/www.burgludwig.de\/wp-content\/uploads\/20180407_200100-1024x576.jpg 1024w, https:\/\/www.burgludwig.de\/wp-content\/uploads\/20180407_200100-768x432.jpg 768w, https:\/\/www.burgludwig.de\/wp-content\/uploads\/20180407_200100-1536x864.jpg 1536w, https:\/\/www.burgludwig.de\/wp-content\/uploads\/20180407_200100-2048x1152.jpg 2048w, https:\/\/www.burgludwig.de\/wp-content\/uploads\/20180407_200100-500x281.jpg 500w, https:\/\/www.burgludwig.de\/wp-content\/uploads\/20180407_200100-800x450.jpg 800w, https:\/\/www.burgludwig.de\/wp-content\/uploads\/20180407_200100-1280x720.jpg 1280w, https:\/\/www.burgludwig.de\/wp-content\/uploads\/20180407_200100-1920x1080.jpg 1920w\" sizes=\"auto, (max-width: 706px) 89vw, (max-width: 767px) 82vw, 740px\" \/><\/div><\/div>\n<p> <br><br><br><br><br><br><br><br><br><br><br><br><br><br><br><br><br><br><br><br><\/p>\n<\/div>\n","protected":false},"excerpt":{"rendered":"<p>Hier gibt es immer wieder wechselnde Bilder und Filmchen von meinen T\u00f6rns mit dem Boot im Hamburger Hafen zu sehen. Unsere &#8222;L\u00fctte&#8220; f\u00fcr diese Ausfahrten ist eine Quicksilver Activ 595 Cruiser mit 150 PS Mercury Au\u00dfenborder. Dieses Boot bietet genug Reserven um auch mal mit mehreren Personen sicher und souver\u00e4n unterwegs zu sein. Unser Liegeplatz &hellip; <\/p>\n<p class=\"link-more\"><a href=\"https:\/\/www.burgludwig.de\/\" class=\"more-link\"><span class=\"screen-reader-text\">\u201eMoinsen !\u201c <\/span>weiterlesen<\/a><\/p>\n","protected":false},"author":1,"featured_media":0,"parent":0,"menu_order":0,"comment_status":"closed","ping_status":"closed","template":"","meta":{"footnotes":""},"class_list":["post-2","page","type-page","status-publish","hentry"],"_links":{"self":[{"href":"https:\/\/www.burgludwig.de\/index.php?rest_route=\/wp\/v2\/pages\/2","targetHints":{"allow":["GET"]}}],"collection":[{"href":"https:\/\/www.burgludwig.de\/index.php?rest_route=\/wp\/v2\/pages"}],"about":[{"href":"https:\/\/www.burgludwig.de\/index.php?rest_route=\/wp\/v2\/types\/page"}],"author":[{"embeddable":true,"href":"https:\/\/www.burgludwig.de\/index.php?rest_route=\/wp\/v2\/users\/1"}],"replies":[{"embeddable":true,"href":"https:\/\/www.burgludwig.de\/index.php?rest_route=%2Fwp%2Fv2%2Fcomments&post=2"}],"version-history":[{"count":245,"href":"https:\/\/www.burgludwig.de\/index.php?rest_route=\/wp\/v2\/pages\/2\/revisions"}],"predecessor-version":[{"id":738,"href":"https:\/\/www.burgludwig.de\/index.php?rest_route=\/wp\/v2\/pages\/2\/revisions\/738"}],"wp:attachment":[{"href":"https:\/\/www.burgludwig.de\/index.php?rest_route=%2Fwp%2Fv2%2Fmedia&parent=2"}],"curies":[{"name":"wp","href":"https:\/\/api.w.org\/{rel}","templated":true}]}}